{"id":281,"date":"2024-05-22T10:47:51","date_gmt":"2024-05-22T10:47:51","guid":{"rendered":"http:\/\/neu.noack-geruestbau.de\/?page_id=281"},"modified":"2025-06-24T11:00:27","modified_gmt":"2025-06-24T11:00:27","slug":"mesmerize","status":"publish","type":"page","link":"https:\/\/neu.noack-geruestbau.de\/","title":{"rendered":"Front Page"},"content":{"rendered":"<div  data-label=\"Portfolio\" data-id=\"portfolio--1\" data-export-id=\"portfolio-5\" data-category=\"portfolio\" class=\"portfolio-5 content-section content-section-spacing\" id=\"portfolio-1\" style=\"background-color: rgb(245, 250, 253);\"><div  class=\"gridContainer\"> <div  class=\"row text-center\"><div  class=\"section-title-col\" data-type=\"column\"> <h2  class=\"\">Herzlich Willkommen<\/h2> <p  class=\"lead\">Unser Unternehmen ist seit dem 01. M\u00e4rz 1991 f\u00fcr Sie auf dem regionalen Markt. Wir sind Ihr Ansprechpartner, wenn es um komplizierte Einr\u00fcstungssituationen geht. Hohes fachliches K\u00f6nnen und viel Erfahrung zeichnen uns aus.<\/p><\/div> <\/div> <div  class=\"row space-bottom spaced-cols\" data-type=\"row\">  <div  class=\"col-xs-12 text-center col-md-6 col-sm-6 \"> <div  class=\"card no-padding bordered\"> <div  data-hover-fx=\"portfolio-6\" class=\"contentswap-effect\"> <div  class=\"initial-image\"> <img  decoding=\"async\" data-size=\"500x333\" src=\"http:\/\/neu.noack-geruestbau.de\/wp-content\/uploads\/2021\/12\/cropped-5795-1.jpg\"><\/div> <div  class=\"overlay bg-color6\"><\/div> <div  class=\"swap-inner col-xs-12\"> <div  class=\"row full-height-row middle-xs middle-sm\"> <div  class=\"col-xs-12 text-center content-holder\"> <a class=\"button small color2\" href=\"https:\/\/neu.noack-geruestbau.de?page_id=9\" target=\"_blank\" data-cp-link=\"1\" rel=\"noopener\">mehr erfahren<\/a><\/div> <\/div><\/div> <\/div> <div  class=\"col-xs-12\"> <div  class=\"space-bottom space-top\" data-type=\"column\"> <h5  class=\"\">Referenzen<\/h5> <p  class=\"small italic\">Hier finden Sie eine Auswahl unserer Referenzen.<\/p><\/div> <\/div><\/div> <\/div> <div  class=\"col-xs-12 text-center col-md-6 col-sm-6 \"> <div  class=\"card no-padding bordered\"> <div  data-hover-fx=\"portfolio-6\" class=\"contentswap-effect\"> <div  class=\"initial-image\"> <img  decoding=\"async\" data-size=\"500x333\" src=\"http:\/\/neu.noack-geruestbau.de\/wp-content\/uploads\/2025\/06\/cropped-IMG_7342-scaled-1.jpeg\"><\/div> <div  class=\"overlay bg-color6\"><\/div> <div  class=\"swap-inner col-xs-12\"> <div  class=\"row full-height-row middle-xs middle-sm\"> <div  class=\"col-xs-12 text-center content-holder\"> <a class=\"button small color2\" href=\"https:\/\/neu.noack-geruestbau.de?page_id=7\" target=\"_blank\" data-cp-link=\"1\" rel=\"noopener\">mehr erfahren<\/a><\/div> <\/div><\/div> <\/div> <div  class=\"col-xs-12\"> <div  class=\"space-bottom space-top\" data-type=\"column\"> <h5  class=\"\">Leistungen<\/h5> <p  class=\"small italic\">Erfahren Sie hier mehr \u00fcber unsere Leistungen.<\/p><\/div> <\/div><\/div> <\/div><\/div> <div  class=\"row\"><div  data-type=\"column\" class=\"col-xs-12 text-center\"> <\/div> <\/div><\/div> <\/div><div  id=\"contact-1\" data-label=\"Contact\" data-id=\"contact-1\" data-export-id=\"contact-1\" data-category=\"contact\" class=\"contact-1 content-section content-section-spacing white-text\" data-parallax-depth=\"20\" style=\"background-image: url(&quot;http:\/\/neu.noack-geruestbau.de\/wp-content\/uploads\/2021\/12\/IMG_8099-5-1.jpg&quot;); background-size: cover; background-position: center top;\"><div  class=\"gridContainer\"> <div  class=\"row text-center\"><div  class=\"section-title-col\" data-type=\"column\"> <h2  class=\"\">Kontaktformular<\/h2> <p  class=\"lead\">Schreiben Sie uns gern eine Nachricht. Wir melden uns bei Ihnen.<\/p><\/div> <\/div> <div  class=\"row text-center\"> <div  class=\"col-xs-12 col-sm-8 col-sm-offset-2 contact-form-wrapper inline-info\"> <div  class=\"card large-padding\"> <div  class=\"\" data-content-shortcode=\"mesmerize_contact_form shortcode=&quot;wpforms id=&amp;amp;quot;241&amp;amp;quot; title=&amp;amp;quot;false&amp;amp;quot;&quot;\" data-editable=\"true\"><div class=\"wpforms-container wpforms-container-full\" id=\"wpforms-241\"><form id=\"wpforms-form-241\" class=\"wpforms-validate wpforms-form wpforms-ajax-form\" data-formid=\"241\" method=\"post\" enctype=\"multipart\/form-data\" action=\"\/index.php?rest_route=%2Fwp%2Fv2%2Fpages%2F281\" data-token=\"a5c78ec7976b789da641fc3056ca75e6\" data-token-time=\"1776402307\"><noscript class=\"wpforms-error-noscript\">Bitte aktiviere JavaScript in deinem Browser, um dieses Formular fertigzustellen.<\/noscript><div class=\"wpforms-field-container\"><div id=\"wpforms-241-field_0-container\" class=\"wpforms-field wpforms-field-name\" data-field-id=\"0\"><label class=\"wpforms-field-label\">Name <span class=\"wpforms-required-label\">*<\/span><\/label><div class=\"wpforms-field-row wpforms-field-medium\"><div class=\"wpforms-field-row-block wpforms-first wpforms-one-half\"><input type=\"text\" id=\"wpforms-241-field_0\" class=\"wpforms-field-name-first wpforms-field-required\" name=\"wpforms[fields][0][first]\" required><label for=\"wpforms-241-field_0\" class=\"wpforms-field-sublabel after\">Vorname<\/label><\/div><div class=\"wpforms-field-row-block wpforms-one-half\"><input type=\"text\" id=\"wpforms-241-field_0-last\" class=\"wpforms-field-name-last wpforms-field-required\" name=\"wpforms[fields][0][last]\" required><label for=\"wpforms-241-field_0-last\" class=\"wpforms-field-sublabel after\">Nachname<\/label><\/div><\/div><\/div><div id=\"wpforms-241-field_1-container\" class=\"wpforms-field wpforms-field-email\" data-field-id=\"1\"><label class=\"wpforms-field-label\" for=\"wpforms-241-field_1\">Email <span class=\"wpforms-required-label\">*<\/span><\/label><input type=\"email\" id=\"wpforms-241-field_1\" class=\"wpforms-field-medium wpforms-field-required\" name=\"wpforms[fields][1]\" spellcheck=\"false\" required><\/div><div id=\"wpforms-241-field_3-container\" class=\"wpforms-field wpforms-field-text\" data-field-id=\"3\"><label class=\"wpforms-field-label\" for=\"wpforms-241-field_3\">Telefon <span class=\"wpforms-required-label\">*<\/span><\/label><input type=\"text\" id=\"wpforms-241-field_3\" class=\"wpforms-field-medium wpforms-field-required\" name=\"wpforms[fields][3]\" required><\/div><div id=\"wpforms-241-field_2-container\" class=\"wpforms-field wpforms-field-textarea\" data-field-id=\"2\"><label class=\"wpforms-field-label\" for=\"wpforms-241-field_2\">Ihre Nachricht <span class=\"wpforms-required-label\">*<\/span><\/label><textarea id=\"wpforms-241-field_2\" class=\"wpforms-field-medium wpforms-field-required\" name=\"wpforms[fields][2]\" required><\/textarea><\/div><\/div><!-- .wpforms-field-container --><div class=\"wpforms-submit-container\" ><input type=\"hidden\" name=\"wpforms[id]\" value=\"241\"><input type=\"hidden\" name=\"page_title\" value=\"\"><input type=\"hidden\" name=\"page_url\" value=\"https:\/\/neu.noack-geruestbau.de\/index.php?rest_route=\/wp\/v2\/pages\/281\"><input type=\"hidden\" name=\"url_referer\" value=\"\"><button type=\"submit\" name=\"wpforms[submit]\" id=\"wpforms-submit-241\" class=\"wpforms-submit\" data-alt-text=\"sendet...\" data-submit-text=\"Absenden\" aria-live=\"assertive\" value=\"wpforms-submit\">Absenden<\/button><img loading=\"lazy\" decoding=\"async\" src=\"https:\/\/neu.noack-geruestbau.de\/wp-content\/plugins\/wpforms-lite\/assets\/images\/submit-spin.svg\" class=\"wpforms-submit-spinner\" style=\"display: none;\" width=\"26\" height=\"26\" alt=\"Wird geladen\"><\/div><\/form><\/div>  <!-- .wpforms-container --><\/div><\/div> <\/div><\/div> <\/div><\/div>","protected":false},"excerpt":{"rendered":"<p>Herzlich Willkommen Unser Unternehmen ist seit dem 01. M\u00e4rz 1991 f\u00fcr Sie auf dem regionalen Markt. Wir sind Ihr Ansprechpartner, wenn es um komplizierte Einr\u00fcstungssituationen geht. Hohes fachliches K\u00f6nnen und viel Erfahrung zeichnen uns aus. mehr erfahren Referenzen Hier finden Sie eine Auswahl unserer Referenzen. mehr erfahren Leistungen Erfahren Sie hier mehr \u00fcber unsere Leistungen.&hellip; <br \/> <a class=\"read-more\" href=\"https:\/\/neu.noack-geruestbau.de\/\">Weiterlesen<\/a><\/p>\n","protected":false},"author":1,"featured_media":0,"parent":0,"menu_order":0,"comment_status":"closed","ping_status":"closed","template":"page-templates\/homepage.php","meta":{"_themeisle_gutenberg_block_has_review":false,"footnotes":""},"_links":{"self":[{"href":"https:\/\/neu.noack-geruestbau.de\/index.php?rest_route=\/wp\/v2\/pages\/281"}],"collection":[{"href":"https:\/\/neu.noack-geruestbau.de\/index.php?rest_route=\/wp\/v2\/pages"}],"about":[{"href":"https:\/\/neu.noack-geruestbau.de\/index.php?rest_route=\/wp\/v2\/types\/page"}],"author":[{"embeddable":true,"href":"https:\/\/neu.noack-geruestbau.de\/index.php?rest_route=\/wp\/v2\/users\/1"}],"replies":[{"embeddable":true,"href":"https:\/\/neu.noack-geruestbau.de\/index.php?rest_route=%2Fwp%2Fv2%2Fcomments&post=281"}],"version-history":[{"count":8,"href":"https:\/\/neu.noack-geruestbau.de\/index.php?rest_route=\/wp\/v2\/pages\/281\/revisions"}],"predecessor-version":[{"id":356,"href":"https:\/\/neu.noack-geruestbau.de\/index.php?rest_route=\/wp\/v2\/pages\/281\/revisions\/356"}],"wp:attachment":[{"href":"https:\/\/neu.noack-geruestbau.de\/index.php?rest_route=%2Fwp%2Fv2%2Fmedia&parent=281"}],"curies":[{"name":"wp","href":"https:\/\/api.w.org\/{rel}","templated":true}]}}